{"id":29,"date":"2020-01-23T09:43:02","date_gmt":"2020-01-23T09:43:02","guid":{"rendered":"http:\/\/rosselheim.de\/index.php\/newsletter\/"},"modified":"2021-02-06T13:45:45","modified_gmt":"2021-02-06T13:45:45","slug":"newsletter","status":"publish","type":"page","link":"http:\/\/rosselheim.de\/index.php\/newsletter\/","title":{"rendered":"Newsletter"},"content":{"rendered":"\n<p> Trage dich hier ein um \u00fcber die aktivit\u00e4ten in der Kinder und  Jugendarbeit der Ev. Regenbogengemeinde Sossenheim und der Ev. Cyriakusgemeinde  R\u00f6delheim auf dem laufenden zu bleiben. \ud83d\ude09 <\/p>\n\n\n<div class=\"tnp tnp-subscription \">\n<form method=\"post\" action=\"http:\/\/rosselheim.de\/wp-admin\/admin-ajax.php?action=tnp&amp;na=s\">\n<input type=\"hidden\" name=\"nlang\" value=\"\">\n<div class=\"tnp-field tnp-field-firstname\"><label for=\"tnp-1\">Vorname oder ganzer Name<\/label>\n<input class=\"tnp-name\" type=\"text\" name=\"nn\" id=\"tnp-1\" value=\"\" placeholder=\"\" required><\/div>\n<div class=\"tnp-field tnp-field-email\"><label for=\"tnp-2\">Email<\/label>\n<input class=\"tnp-email\" type=\"email\" name=\"ne\" id=\"tnp-2\" value=\"\" placeholder=\"\" required><\/div>\n<div class=\"tnp-field tnp-privacy-field\"><label><input type=\"checkbox\" name=\"ny\" required class=\"tnp-privacy\"> Indem Du fortf\u00e4hrst, akzeptierst Du unsere Datenschutzerkl\u00e4rung.<\/label><\/div><div class=\"tnp-field tnp-field-button\" style=\"text-align: left\"><input class=\"tnp-submit\" type=\"submit\" value=\"Abonnieren\" style=\"\">\n<\/div>\n<\/form>\n<\/div>\n\n\n\n<p><\/p>\n","protected":false},"excerpt":{"rendered":"<p>Trage dich hier ein um \u00fcber die aktivit\u00e4ten in der Kinder und Jugendarbeit der Ev. Regenbogengemeinde Sossenheim und der Ev. Cyriakusgemeinde R\u00f6delheim auf dem laufenden zu bleiben. \ud83d\ude09<\/p>\n","protected":false},"author":1,"featured_media":48,"parent":0,"menu_order":0,"comment_status":"closed","ping_status":"closed","template":"","meta":{"footnotes":""},"class_list":["post-29","page","type-page","status-publish","has-post-thumbnail","hentry"],"_links":{"self":[{"href":"http:\/\/rosselheim.de\/index.php\/wp-json\/wp\/v2\/pages\/29","targetHints":{"allow":["GET"]}}],"collection":[{"href":"http:\/\/rosselheim.de\/index.php\/wp-json\/wp\/v2\/pages"}],"about":[{"href":"http:\/\/rosselheim.de\/index.php\/wp-json\/wp\/v2\/types\/page"}],"author":[{"embeddable":true,"href":"http:\/\/rosselheim.de\/index.php\/wp-json\/wp\/v2\/users\/1"}],"replies":[{"embeddable":true,"href":"http:\/\/rosselheim.de\/index.php\/wp-json\/wp\/v2\/comments?post=29"}],"version-history":[{"count":3,"href":"http:\/\/rosselheim.de\/index.php\/wp-json\/wp\/v2\/pages\/29\/revisions"}],"predecessor-version":[{"id":69,"href":"http:\/\/rosselheim.de\/index.php\/wp-json\/wp\/v2\/pages\/29\/revisions\/69"}],"wp:featuredmedia":[{"embeddable":true,"href":"http:\/\/rosselheim.de\/index.php\/wp-json\/wp\/v2\/media\/48"}],"wp:attachment":[{"href":"http:\/\/rosselheim.de\/index.php\/wp-json\/wp\/v2\/media?parent=29"}],"curies":[{"name":"wp","href":"https:\/\/api.w.org\/{rel}","templated":true}]}}